{"id":3,"date":"2024-10-05T15:21:35","date_gmt":"2024-10-05T15:21:35","guid":{"rendered":"http:\/\/bnbacademyofdance.pl\/?page_id=3"},"modified":"2024-10-06T12:54:34","modified_gmt":"2024-10-06T12:54:34","slug":"privacy-policy","status":"publish","type":"page","link":"https:\/\/bnbacademyofdance.pl\/index.php\/privacy-policy\/","title":{"rendered":"Polityka Prywatno\u015bci"},"content":{"rendered":"<h2 class=\"wp-block-heading\">Dok\u0142adamy wszelkich stara\u0144, aby w odpowiedni spos\u00f3b zabezpieczy\u0107 Twoje dane osobowe i w przejrzysty spos\u00f3b przedstawi\u0107 Ci, w jaki spos\u00f3b z nich korzystamy.<\/h2><p>Niniejsza polityka (\u201ePolityka Prywatno\u015bci\u201d) opisuje kwestie zwi\u0105zane z korzystaniem z strony internetowej www.bnbacademyofdance.pl (dalej: \u201eSerwis\u201d).<\/p><p>Niniejsza Polityka prywatno\u015bci ma na celu poinformowanie o sposobie przetwarzania przez\u00a0<strong>BNB Academy of Dance Aleksandra Lis<\/strong><span style=\"font-size: revert;\">\u00a0z siedzib\u0105 w Krakowie, adres: ul. Boles\u0142awa Orli\u0144skiego 8\/54, 31-878 Krak\u00f3w, NIP: 6751759906, REGON: 520853964 (dalej: \u201eAdministrator\u201d) Pa\u0144stwa danych osobowych. Administrator przetwarza dane osobowe zgodnie z przepisami prawa powszechnie obowi\u0105zuj\u0105cego, w tym w szczeg\u00f3lno\u015bci rozporz\u0105dzenia Parlamentu Europejskiego i Rady (UE) 2016\/679 z dnia 27 kwietnia 2016 r. w sprawie ochrony os\u00f3b fizycznych w zwi\u0105zku z przetwarzaniem danych osobowych i w sprawie swobodnego przep\u0142ywu takich danych oraz uchylenia dyrektywy 95\/46\/WE (og\u00f3lne rozporz\u0105dzenie o ochronie danych osobowych) (dalej: \u201eRODO\u201d) oraz ustawy z dnia 10 maja 2018 r. o ochronie danych osobowych.<\/span><\/p><h3 class=\"wp-block-heading\">1. Dane Administratora<\/h3><p>Administratorem Pa\u0144stwa danych osobowych w rozumieniu RODO jest <strong>BNB Academy of Dance Aleksandra Lis<\/strong> z siedzib\u0105 w Krakowie, <span style=\"font-size: revert;\">adres: ul. Boles\u0142awa Orli\u0144skiego 8\/54, 31-878 Krak\u00f3w, NIP: 6751759906, REGON: 520853964<\/span>.<\/p><h3 class=\"wp-block-heading\">2. Jak skontaktowa\u0107 si\u0119 z Administratorem?<\/h3><p>W sprawach dotycz\u0105cych przetwarzania Pa\u0144stwa danych osobowych mo\u017cna skontaktowa\u0107 si\u0119 na adres korespondencyjny Administratora wskazany w pkt 1 powy\u017cej lub za po\u015brednictwem adresu e-mail: bnbacademyofdance@gmail.com.<\/p><h3 class=\"wp-block-heading\">3. Cele i podstawy prawne przetwarzania danych<\/h3><p>Pa\u0144stwa dane osobowe mog\u0105 by\u0107 przetwarzane przez Administratora na podstawie:<\/p><p>a) niezb\u0119dno\u015bci do zawarcia i wykonania umowy lub do podj\u0119cia dzia\u0142a\u0144 przed jej zawarciem (art. 6 ust. 1 lit. b RODO) oraz umo\u017cliwienia Pa\u0144stwu zapisu na newslettery oferowane przez Administratora;<\/p><p>b) w celu wype\u0142nienia obowi\u0105zku prawnego ci\u0105\u017c\u0105cego na Administratorze (art. 6 ust. 1 lit. c RODO);<\/p><p>c) prawnie uzasadnionego interesu Administratora (art. 6 ust. 1 lit. f RODO) w celu:<br>a. umo\u017cliwienia Pa\u0144stwu kontaktu z Administratorem za po\u015brednictwem Serwisu;<br>b. marketingu produkt\u00f3w i us\u0142ug w\u0142asnych Administratora, w tym w celach analitycznych i statystycznych (uzasadniony interes Administratora polegaj\u0105cy na prowadzeniu analiz aktywno\u015bci u\u017cytkownik\u00f3w, a tak\u017ce ich preferencji w celu prowadzenia marketingu produkt\u00f3w i us\u0142ug w\u0142asnych Administratora);<br>c. korzystanie z formularzy kontaktowych udost\u0119pnionych przez Administratora w Serwisie (uzasadniony interes Administratora polegaj\u0105cy na opiece nad u\u017cytkownikami Serwisu i poprawy stosowanych funkcjonalno\u015bci i \u015bwiadczonych us\u0142ug);<br>d. obrony przed ewentualnymi roszczeniami dochodzonymi przez Administratora lub od Administratora.<\/p><h3 class=\"wp-block-heading\">4. Przekazywanie danych osobowych<\/h3><p>Administrator mo\u017ce przekazywa\u0107 dane pomiotom przetwarzaj\u0105cym je na zlecenie Administratora i na podstawie zawartych um\u00f3w, wy\u0142\u0105cznie w celu i zakresie niezb\u0119dnym dla realizacji cel\u00f3w wskazanych w pkt 3 powy\u017cej (m.in. na rzecz podmiot\u00f3w \u015bwiadcz\u0105cych us\u0142ugi informatyczne, w tym zapewniaj\u0105ce prawid\u0142owe funkcjonowanie Serwisu), z zastrze\u017ceniem, \u017ce dane osobowe przetwarzane b\u0119d\u0105 zgodnie z zaleceniami Administratora.<\/p><p>Administrator przeka\u017ce dane osobowe je\u017celi taki obowi\u0105zek b\u0119dzie wynika\u0107 z bezwzgl\u0119dnie obowi\u0105zuj\u0105cych przepis\u00f3w prawa, w szczeg\u00f3lno\u015bci uprawnionym organom pa\u0144stwowym.<\/p><h3 class=\"wp-block-heading\">5. Okres przechowywania danych osobowych<\/h3><p>Administrator dok\u0142ada wszelkich stara\u0144 aby Pa\u0144stwa dane osobowe przetwarzane by\u0142y w spos\u00f3b adekwatny i tak d\u0142ugo jak jest to niezb\u0119dne do cel\u00f3w, w jakich zosta\u0142y one zebrane lub dop\u00f3ki jest to wymagane przepisami prawa powszechnie obowi\u0105zuj\u0105cego, w szczeg\u00f3lno\u015bci do momentu przedawnienia ewentualnych roszcze\u0144 lub wyga\u015bni\u0119cia obowi\u0105zku archiwizacji.<\/p><h3 class=\"wp-block-heading\">6. Przys\u0142uguj\u0105ce prawa<\/h3><p>W zakresie dozwolonym przez RODO przys\u0142uguj\u0105 Pa\u0144stwu nast\u0119puj\u0105ce prawa w odniesieniu do Pa\u0144stwa danych osobowych:<\/p><ol class=\"wp-block-list\"><li><strong>prawo dost\u0119pu do danych osobowych<\/strong><br>W ka\u017cdym czasie mog\u0105 Pa\u0144stwo skorzysta\u0107 z prawa dost\u0119pu do swoich danych, w tym kopi\u0119 tych danych.<\/li>\n\n<li><strong>prawo do sprostowania i uzupe\u0142nienia danych<\/strong><br>Maj\u0105 Pa\u0144stwo prawo \u017c\u0105dania sprostowania Pa\u0144stwa danych osobowych, kt\u00f3re s\u0105 nieprawid\u0142owe a tak\u017ce \u017c\u0105dania uzupe\u0142nienia niekompletnych danych osobowych.<\/li>\n\n<li><strong>prawo do usuni\u0119cia danych<\/strong><br>Maj\u0105 Pa\u0144stwo prawo do \u017c\u0105dania niezw\u0142ocznego usuni\u0119cia Pa\u0144stwa danych osobowych przechowywanych przez Administratora w przypadkach, gdy:<br>a) Pa\u0144stwa dane osobowe nie s\u0105 ju\u017c niezb\u0119dne do cel\u00f3w, w kt\u00f3rych zosta\u0142y zebrane,<br>b) cofni\u0119cia zgody przez osob\u0119, kt\u00f3rej dane dotycz\u0105, na kt\u00f3rej opiera si\u0119 przetwarzanie i nie ma innej podstawy prawnej przetwarzania,<br>c) wniesienia sprzeciwu wobec przetwarzania danych i nie wyst\u0119puj\u0105 nadrz\u0119dne prawnie uzasadnione podstawy przetwarzania,<br>d) przetwarzania danych niezgodnie z prawem,<br>e) konieczno\u015bci usuni\u0119cia danych w celu wywi\u0105zania si\u0119 z obowi\u0105zku prawnego przewidzianego w prawie Unii Europejskiej lub prawie polskim,<br>f) dane osobowe zosta\u0142y zebrane w zwi\u0105zku z oferowaniem us\u0142ug spo\u0142ecze\u0144stwa informacyjnego w rozumieniu RODO,<br>Jednak\u017ce Administrator nie b\u0119dzie m\u00f3g\u0142 usun\u0105\u0107 Pa\u0144stwa danych osobowych w zakresie w jakim ich przetwarzanie b\u0119dzie niezb\u0119dne do:<br>a) korzystania z prawa do wolno\u015bci wypowiedzi i informacji,<br>b) wywi\u0105zana si\u0119 z prawnego obowi\u0105zku wymagaj\u0105cego przetwarzania danych na mocy prawa Unii Europejskiej lub prawa polskiego,<br>c) ustalenia, dochodzenia lub obrony roszcze\u0144.<\/li>\n\n<li><strong>prawo do przenoszenia danych osobowych<\/strong><br>W zakresie, w jakim Twoje dane s\u0105 przetwarzane w celu zawarcia i wykonywania umowy lub przetwarzane na podstawie zgody oraz przetwarzanie danych odbywa si\u0119 w spos\u00f3b zautomatyzowany \u2013 masz prawo otrzyma\u0107 od nas w ustrukturyzowanym, powszechnie u\u017cywanym formacie nadaj\u0105cym si\u0119 do odczytu maszynowego swoje dane osobowe, kt\u00f3re dostarczy\u0142e\u015b przed lub w trakcie wsp\u00f3\u0142pracy z nami. Masz tak\u017ce prawo przes\u0142a\u0107 te dane osobowe innemu administratorowi, o ile b\u0119dzie to mo\u017cliwe technicznie.<\/li>\n\n<li><strong>prawo do ograniczenia przetwarzania danych<\/strong><br>Maj\u0105 Pa\u0144stwo prawo \u017c\u0105dania ograniczenia przetwarzania danych w przypadkach, gdy:<br>a) kwestionuj\u0105 Pa\u0144stwo prawid\u0142owo\u015b\u0107 danych osobowych \u2013 na okres pozwalaj\u0105cy nam sprawdzi\u0107 prawid\u0142owo\u015b\u0107 tych danych,<br>b) przetwarzanie jest niezgodne z prawem, a Pa\u0144stwo sprzeciwiacie si\u0119 usuni\u0119ciu danych osobowych, \u017c\u0105daj\u0105c w zamian ograniczenia ich wykorzystywania;<br>c) nie potrzebujemy ju\u017c danych osobowych do cel\u00f3w przetwarzania, ale s\u0105 one potrzebne Pa\u0144stwu, do ustalenia, dochodzenia lub obrony roszcze\u0144;<br>d) wnie\u015bli\u015bcie Pa\u0144stwo sprzeciw wobec przetwarzania \u2013 do czasu stwierdzenia, czy prawnie uzasadnione podstawy po stronie Administratora s\u0105 nadrz\u0119dne wobec podstaw Pa\u0144stwa sprzeciwu.<\/li>\n\n<li><strong>prawo do wniesienia sprzeciwu wobec przetwarzania danych osobowych<\/strong><br>Je\u017celi Pa\u0144stwa dane osobowe s\u0105 przetwarzane na podstawie prawnie uzasadnionego interesu administratora, maj\u0105 Pa\u0144stwo prawo do sprzeciwu w dowolnym czasie wobec przetwarzania. Administrator mo\u017ce nie uwzgl\u0119dni\u0107 sprzeciwu je\u015bli wyka\u017ce on istnienie wa\u017cnych prawnie uzasadnionych podstaw do przetwarzania, nadrz\u0119dnych wobec Pa\u0144stwa interes\u00f3w, praw i wolno\u015bci, lub podstaw do ustalenia, dochodzenia lub obrony roszcze\u0144.<\/li>\n\n<li><strong>prawo do cofni\u0119cia zgody<\/strong><br>W zakresie w jakim przetwarzanie Pa\u0144stwa danych osobowych nast\u0119puje w oparciu o Pa\u0144stwa zgod\u0119, maj\u0105 Pa\u0144stwo prawo do cofni\u0119cia zgody w dowolnym momencie. Cofni\u0119cie zgody pozostaje bez wp\u0142ywu na zgodno\u015b\u0107 z prawem przetwarzania, kt\u00f3rego dokonano na podstawie zgody przed jej cofni\u0119ciem.<\/li>\n\n<li><strong>prawo do skargi<\/strong><br>Maj\u0105 Pa\u0144stwo prawo wniesienia skargi na przetwarzanie danych osobowych przez Administratora do organu nadzorczego, kt\u00f3rym jest w Polsce Prezes Urz\u0119du Ochrony Danych Osobowych (adres: ul. Stawki 2, 00-193 Warszawa), je\u017celi uznaj\u0105 Pa\u0144stwo, \u017ce przetwarzanie Pa\u0144stwa danych osobowych jest niezgodne z prawem.<br>W przypadku gdy b\u0119d\u0105 Pa\u0144stwo chcieli skorzysta\u0107 z przys\u0142uguj\u0105cych Pa\u0144stwu praw prosimy o przes\u0142anie do Administratora wiadomo\u015bci na adres mailowy: ido@egurrola.pl lub poczt\u0105 tradycyjn\u0105 na adres: ul. \u017bwirki i Wigury 99A, 02-089 Warszawa.<br>Z prawa do z\u0142o\u017cenia skargi, o kt\u00f3rym mowa w pkt 8) powy\u017cej, mo\u017cna skorzysta\u0107 kontaktuj\u0105c si\u0119 bezpo\u015brednio z organem nadzorczym (dane wskazane w pkt 8) powy\u017cej).<br>Pa\u0144stwa wniosek\/pismo powinno w miar\u0119 mo\u017cliwo\u015bci wskazywa\u0107 czego dotyczy Pa\u0144stwa \u017c\u0105danie.<\/li><\/ol><h3 class=\"wp-block-heading\">7. Bezpiecze\u0144stwo<\/h3><p>Bezpiecze\u0144stwo danych jest dla Administratora priorytetem i Administrator analizuje ryzyka w celu zapewnienia, \u017ce Pa\u0144stwa dane osobowe przetwarzane s\u0105 w spos\u00f3b bezpieczny, zapewniaj\u0105cy przede wszystkim, \u017ce dost\u0119p do danych maj\u0105 jedynie osoby upowa\u017cnione i jedynie w zakresie, w jakim jest to niezb\u0119dne ze wzgl\u0119du na wykonywane zadania. Administrator dba o to aby wszystkie operacje na danych osobowych by\u0142y rejestrowane i dokonywane jedynie przez uprawnionych pracownik\u00f3w i wsp\u00f3\u0142pracownik\u00f3w.<\/p><p>Administrator podejmuje wszelkie niezb\u0119dne i zgodne z prawem dzia\u0142ania, aby podmioty wsp\u00f3\u0142pracuj\u0105ce z Administratorem (podwykonawcy i inne podmioty wsp\u00f3\u0142pracuj\u0105ce) dawa\u0142y gwarancj\u0119 prawid\u0142owego i odpowiedniego stosowania \u015brodk\u00f3w bezpiecze\u0144stwa w ka\u017cdym przypadku przetwarzania Pa\u0144stwa danych osobowych wykonywanego na zlecenie Administratora.<\/p><h3 class=\"wp-block-heading\">8. Podanie danych osobowych<\/h3><p>Podanie przez Pa\u0144stwa danych osobowych jest dobrowolne. Odmowa podania danych osobowych mo\u017ce jednak \u2013 w zale\u017cno\u015bci od kontekstu, w kt\u00f3rym dane te s\u0105 przetwarzane \u2013 mo\u017ce uniemo\u017cliwi\u0107 zawarcie umowy pomi\u0119dzy Pa\u0144stwem a Administratorem, jak r\u00f3wnie\u017c mo\u017ce wp\u0142yn\u0105\u0107 na zakres us\u0142ug, kt\u00f3re Administrator b\u0119dzie m\u00f3g\u0142 \u015bwiadczy\u0107 na Pa\u0144stwa rzecz lub mo\u017ce uniemo\u017cliwi\u0107 kontakt z Pa\u0144stwem czy te\u017c przes\u0142anie Pa\u0144stwu tre\u015bci marketingowych.<\/p><h3 class=\"wp-block-heading\">9. Pliki cookies<\/h3><p>Pliki cookies to niewielkie pliki tekstowe, kt\u00f3re s\u0105 zapisywane na Pa\u0144stwa urz\u0105dzeniu, gdy odwiedzasz Serwis. Pliki te s\u0105 przesy\u0142ane przez serwis internetowy do przegl\u0105darki. Ka\u017cdy plik cookie posiada anonimowy identyfikator i pozwala zidentyfikowa\u0107 urz\u0105dzenie, w kt\u00f3rego pami\u0119ci zosta\u0142 zapisany przez okre\u015blony czas (czas, po kt\u00f3rym dany plik cookie zostanie usuni\u0119ty). Pliki cookies s\u0105 zapisywane w celu rozpoznania Pa\u0144stwa urz\u0105dzenia, poznania Pa\u0144stwa preferencji, a tak\u017ce zbierania informacji na temat Pa\u0144stwa wcze\u015bniejszych dzia\u0142a\u0144 w Serwisie. Pliki cookies s\u0105 wykorzystywane mi\u0119dzy innymi do pomocy w logowaniu u\u017cytkownika (np. zapami\u0119tanie nazwy u\u017cytkownika, je\u017celi u\u017cytkownik zarejestruje si\u0119 lub zaloguje).<\/p><p>Administrator mo\u017ce u\u017cywa\u0107 nast\u0119puj\u0105cych rodzaj\u00f3w plik\u00f3w cookies:<\/p><p>a) sesyjne pliki cookies (session cookies) \u2013 s\u0105 plikami tymczasowymi, kt\u00f3re przechowywane s\u0105 w urz\u0105dzeniu ko\u0144cowym u\u017cytkownika do czasu wylogowania, opuszczenia strony internetowej lub wy\u0142\u0105czenia oprogramowania (przegl\u0105darki internetowej); te pliki s\u0105 konieczne aby niekt\u00f3re funkcjonalno\u015bci Serwisu dzia\u0142a\u0142y poprawnie,<\/p><p>b) sta\u0142e pliki cookies (persistent cookies) \u2013 s\u0105 plikami przechowywane s\u0105 w urz\u0105dzeniu ko\u0144cowym u\u017cytkownika przez czas okre\u015blony w parametrach plik\u00f3w cookies lub do czasu ich usuni\u0119cia przez u\u017cytkownika. Dzi\u0119ki nim korzystanie z Serwisu jest \u0142atwiejsze (np. zapami\u0119tuj\u0105 wybran\u0105 rozdzielczo\u015b\u0107, uk\u0142ad tre\u015bci). Te pliki cookies pozostaj\u0105 w pami\u0119ci przegl\u0105darki przez d\u0142u\u017cszy okres.<\/p><p>Sesyjne pliki cookies pozostaj\u0105 na Pa\u0144stwa urz\u0105dzeniu do momentu opuszczenia przez Serwisu lub wy\u0142\u0105czenia oprogramowania (przegl\u0105darki internetowej).<\/p><p>Sta\u0142e pliki cookies b\u0119d\u0105 przechowywane na Pa\u0144stwa urz\u0105dzeniu maksymalnie przez okres 12 miesi\u0119cy lub do czasu wycofania przez Pa\u0144stwa zgody.<\/p><p>Mog\u0105 Pa\u0144stwo zarz\u0105dza\u0107 plikami cookies, jednak\u017ce w praktyce, nie wyra\u017cenie zgody na dzia\u0142anie plik\u00f3w cookies spowoduje brak mo\u017cliwo\u015bci korzystania z Serwisu lub niekt\u00f3rych jego element\u00f3w.<\/p><h3 class=\"wp-block-heading\">10. Zmiany Polityki Prywatno\u015bci<\/h3><p>Przedmiotowa Polityka Prywatno\u015bci mo\u017ce ulec zmianie w szczeg\u00f3lno\u015bci przypadku gdyby potrzeba lub obowi\u0105zek wprowadzenia takich zmian wynika\u0142y ze zmiany stosownych przepis\u00f3w prawa.<\/p><p>Osoby, kt\u00f3rych dane s\u0105 przetwarzane zgodnie z niniejsz\u0105 Polityk\u0105 Prywatno\u015bci zostan\u0105 powiadomieni o jej zmianach ze stosownym wyprzedzeniem.<\/p>","protected":false},"excerpt":{"rendered":"<p>Dok\u0142adamy wszelkich stara\u0144, aby w odpowiedni spos\u00f3b zabezpieczy\u0107 Twoje dane osobowe i w przejrzysty spos\u00f3b przedstawi\u0107 Ci, w jaki spos\u00f3b z nich korzystamy. Niniejsza polityka (\u201ePolityka<span class=\"excerpt-hellip\"> [\u2026]<\/span><\/p>\n","protected":false},"author":1,"featured_media":0,"parent":0,"menu_order":0,"comment_status":"closed","ping_status":"open","template":"","meta":{"footnotes":""},"class_list":["post-3","page","type-page","status-publish","hentry"],"_links":{"self":[{"href":"https:\/\/bnbacademyofdance.pl\/index.php\/wp-json\/wp\/v2\/pages\/3","targetHints":{"allow":["GET"]}}],"collection":[{"href":"https:\/\/bnbacademyofdance.pl\/index.php\/wp-json\/wp\/v2\/pages"}],"about":[{"href":"https:\/\/bnbacademyofdance.pl\/index.php\/wp-json\/wp\/v2\/types\/page"}],"author":[{"embeddable":true,"href":"https:\/\/bnbacademyofdance.pl\/index.php\/wp-json\/wp\/v2\/users\/1"}],"replies":[{"embeddable":true,"href":"https:\/\/bnbacademyofdance.pl\/index.php\/wp-json\/wp\/v2\/comments?post=3"}],"version-history":[{"count":1,"href":"https:\/\/bnbacademyofdance.pl\/index.php\/wp-json\/wp\/v2\/pages\/3\/revisions"}],"predecessor-version":[{"id":75,"href":"https:\/\/bnbacademyofdance.pl\/index.php\/wp-json\/wp\/v2\/pages\/3\/revisions\/75"}],"wp:attachment":[{"href":"https:\/\/bnbacademyofdance.pl\/index.php\/wp-json\/wp\/v2\/media?parent=3"}],"curies":[{"name":"wp","href":"https:\/\/api.w.org\/{rel}","templated":true}]}}